{"id":3600,"date":"2013-11-27T12:41:20","date_gmt":"2013-11-27T14:41:20","guid":{"rendered":"http:\/\/www.consideal.com.br\/?page_id=3600"},"modified":"2021-09-02T12:31:57","modified_gmt":"2021-09-02T15:31:57","slug":"clientes","status":"publish","type":"page","link":"https:\/\/consideal.com.br\/es\/clientes\/","title":{"rendered":"Nuestros Clientes"},"content":{"rendered":"<p><img fetchpriority=\"high\" decoding=\"async\" class=\"alignnone size-full wp-image-4243\" src=\"\/wp-content\/uploads\/2013\/11\/atuacao1.png\" alt=\"Nossos Clientes\" width=\"661\" height=\"288\" srcset=\"https:\/\/consideal.com.br\/wp-content\/uploads\/2013\/11\/atuacao1.png 661w, https:\/\/consideal.com.br\/wp-content\/uploads\/2013\/11\/atuacao1-400x174.png 400w, https:\/\/consideal.com.br\/wp-content\/uploads\/2013\/11\/atuacao1-650x283.png 650w\" sizes=\"(max-width: 661px) 100vw, 661px\" \/><\/p>\n<h3 style=\"text-align: justify;\">Nuestros clientes son:<\/h3>\n<ul>\n<li>Empresas que necesitan desarrollar o revisar las estrategias comerciales de corto, mediano y largo plazo.<\/li>\n<li>Empresas que necesitan revisar, desarrollar e implementar la Estrategia Competitiva.<\/li>\n<li>Empresas que necesitan definir o revisar el posicionamiento de su marca.<\/li>\n<li>Empresas que reconocen la Innovaci\u00f3n como un factor cr\u00edtico para el \u00e9xito.<\/li>\n<li>Empresas que necesitan implementar un proceso de innovaci\u00f3n en la organizaci\u00f3n.<\/li>\n<li>Empresas que necesitan mejorar el entorno para la Innovaci\u00f3n.<\/li>\n<li>Empresas que buscan una diferenciaci\u00f3n clara en sus productos.<\/li>\n<li>Empresas que necesitan mejorar la eficiencia del Proceso de Investigaci\u00f3n y Desarrollo de Productos.<\/li>\n<li>Empresas que necesitan desarrollar un portafolio de productos m\u00e1s<\/li>\n<li>Empresas en sectores con alta competencia y que requieren una mayor diferenciaci\u00f3n de sus productos.<\/li>\n<\/ul>\n<div class=\"divider_left\">\n<div class=\"divider divider_full style1 ie_png\"><\/div>\n<\/div>\n<div class=\"clearboth\"><\/div>\n<h3>\u00c1reas de actuaci\u00f3n:<\/h3>\n<ul>\n<li>Planificaci\u00f3n Estrat\u00e9gica<\/li>\n<li>Gesti\u00f3n de la Marca<\/li>\n<li>Diferenciales Competitivos<\/li>\n<li>Innovaci\u00f3n<\/li>\n<li>Portafolio de Productos<\/li>\n<li>Gesti\u00f3n de Investigaci\u00f3n y Desarrollo<\/li>\n<li>Personas<\/li>\n<li>Conferencias y Capacitaciones<\/li>\n<\/ul>\n<div class=\"divider_left\">\n<div class=\"divider divider_full style1 ie_png\"><\/div>\n<\/div>\n<div class=\"clearboth\"><\/div>\n<p><\/p>","protected":false},"excerpt":{"rendered":"<p>Nuestros clientes son: Empresas que necesitan desarrollar o revisar las estrategias comerciales de corto, mediano y largo plazo. Empresas que necesitan revisar, desarrollar e implementar la Estrategia Competitiva. Empresas que necesitan definir o revisar el posicionamiento de su marca. Empresas que reconocen la Innovaci\u00f3n como un factor cr\u00edtico para el \u00e9xito. Empresas que necesitan implementar [&hellip;]<\/p>\n","protected":false},"author":9192193,"featured_media":0,"parent":0,"menu_order":0,"comment_status":"open","ping_status":"closed","template":"","meta":{"footnotes":""},"class_list":["post-3600","page","type-page","status-publish","hentry"],"yoast_head":"<!-- This site is optimized with the Yoast SEO plugin v27.2 - https:\/\/yoast.com\/product\/yoast-seo-wordpress\/ -->\n<title>Nossos Clientes - Consideal - Consultoria<\/title>\n<meta name=\"description\" content=\"Nossos clientes s\u00e3o de v\u00e1rias segmenta\u00e7\u00f5es do mercado, entre em contato e consulte a consultoria ideal para o seu neg\u00f3cio. 41 3323-5191.\" \/>\n<meta name=\"robots\" content=\"index, follow, max-snippet:-1, max-image-preview:large, max-video-preview:-1\" \/>\n<link rel=\"canonical\" href=\"http:\/\/consideal.com.br\/en\/clientes\/\" \/>\n<meta property=\"og:locale\" content=\"es_ES\" \/>\n<meta property=\"og:type\" content=\"article\" \/>\n<meta property=\"og:title\" content=\"Nossos Clientes - Consideal - Consultoria\" \/>\n<meta property=\"og:description\" content=\"Nossos clientes s\u00e3o de v\u00e1rias segmenta\u00e7\u00f5es do mercado, entre em contato e consulte a consultoria ideal para o seu neg\u00f3cio. 41 3323-5191.\" \/>\n<meta property=\"og:url\" content=\"http:\/\/consideal.com.br\/en\/clientes\/\" \/>\n<meta property=\"og:site_name\" content=\"Consideal - Consultoria\" \/>\n<meta property=\"article:publisher\" content=\"https:\/\/www.facebook.com\/pages\/Consideal-Consultoria\/633181280052800?fref=ts\" \/>\n<meta property=\"article:modified_time\" content=\"2021-09-02T15:31:57+00:00\" \/>\n<meta property=\"og:image\" content=\"http:\/\/www.consideal.com.br\/wp-content\/uploads\/2014\/08\/1537408_633189506718644_389877602_o.jpg\" \/>\n<meta name=\"twitter:label1\" content=\"Tiempo de lectura\" \/>\n\t<meta name=\"twitter:data1\" content=\"2 minutos\" \/>\n<script type=\"application\/ld+json\" class=\"yoast-schema-graph\">{\"@context\":\"https:\/\/schema.org\",\"@graph\":[{\"@type\":\"WebPage\",\"@id\":\"http:\/\/consideal.com.br\/en\/clientes\/\",\"url\":\"http:\/\/consideal.com.br\/en\/clientes\/\",\"name\":\"Nossos Clientes - Consideal - Consultoria\",\"isPartOf\":{\"@id\":\"http:\/\/consideal.com.br\/#website\"},\"datePublished\":\"2013-11-27T14:41:20+00:00\",\"dateModified\":\"2021-09-02T15:31:57+00:00\",\"description\":\"Nossos clientes s\u00e3o de v\u00e1rias segmenta\u00e7\u00f5es do mercado, entre em contato e consulte a consultoria ideal para o seu neg\u00f3cio. 41 3323-5191.\",\"breadcrumb\":{\"@id\":\"http:\/\/consideal.com.br\/en\/clientes\/#breadcrumb\"},\"inLanguage\":\"es\",\"potentialAction\":[{\"@type\":\"ReadAction\",\"target\":[\"http:\/\/consideal.com.br\/en\/clientes\/\"]}]},{\"@type\":\"BreadcrumbList\",\"@id\":\"http:\/\/consideal.com.br\/en\/clientes\/#breadcrumb\",\"itemListElement\":[{\"@type\":\"ListItem\",\"position\":1,\"name\":\"In\u00edcio\",\"item\":\"http:\/\/consideal.com.br\/\"},{\"@type\":\"ListItem\",\"position\":2,\"name\":\"Our clients\"}]},{\"@type\":\"WebSite\",\"@id\":\"http:\/\/consideal.com.br\/#website\",\"url\":\"http:\/\/consideal.com.br\/\",\"name\":\"Consideal - Consultoria\",\"description\":\".\",\"potentialAction\":[{\"@type\":\"SearchAction\",\"target\":{\"@type\":\"EntryPoint\",\"urlTemplate\":\"http:\/\/consideal.com.br\/?s={search_term_string}\"},\"query-input\":{\"@type\":\"PropertyValueSpecification\",\"valueRequired\":true,\"valueName\":\"search_term_string\"}}],\"inLanguage\":\"es\"}]}<\/script>\n<!-- \/ Yoast SEO plugin. -->","yoast_head_json":{"title":"Nossos Clientes - Consideal - Consultoria","description":"Nossos clientes s\u00e3o de v\u00e1rias segmenta\u00e7\u00f5es do mercado, entre em contato e consulte a consultoria ideal para o seu neg\u00f3cio. 41 3323-5191.","robots":{"index":"index","follow":"follow","max-snippet":"max-snippet:-1","max-image-preview":"max-image-preview:large","max-video-preview":"max-video-preview:-1"},"canonical":"http:\/\/consideal.com.br\/en\/clientes\/","og_locale":"es_ES","og_type":"article","og_title":"Nossos Clientes - Consideal - Consultoria","og_description":"Nossos clientes s\u00e3o de v\u00e1rias segmenta\u00e7\u00f5es do mercado, entre em contato e consulte a consultoria ideal para o seu neg\u00f3cio. 41 3323-5191.","og_url":"http:\/\/consideal.com.br\/en\/clientes\/","og_site_name":"Consideal - Consultoria","article_publisher":"https:\/\/www.facebook.com\/pages\/Consideal-Consultoria\/633181280052800?fref=ts","article_modified_time":"2021-09-02T15:31:57+00:00","og_image":[{"url":"http:\/\/www.consideal.com.br\/wp-content\/uploads\/2014\/08\/1537408_633189506718644_389877602_o.jpg","type":"","width":"","height":""}],"twitter_misc":{"Tiempo de lectura":"2 minutos"},"schema":{"@context":"https:\/\/schema.org","@graph":[{"@type":"WebPage","@id":"http:\/\/consideal.com.br\/en\/clientes\/","url":"http:\/\/consideal.com.br\/en\/clientes\/","name":"Nossos Clientes - Consideal - Consultoria","isPartOf":{"@id":"http:\/\/consideal.com.br\/#website"},"datePublished":"2013-11-27T14:41:20+00:00","dateModified":"2021-09-02T15:31:57+00:00","description":"Nossos clientes s\u00e3o de v\u00e1rias segmenta\u00e7\u00f5es do mercado, entre em contato e consulte a consultoria ideal para o seu neg\u00f3cio. 41 3323-5191.","breadcrumb":{"@id":"http:\/\/consideal.com.br\/en\/clientes\/#breadcrumb"},"inLanguage":"es","potentialAction":[{"@type":"ReadAction","target":["http:\/\/consideal.com.br\/en\/clientes\/"]}]},{"@type":"BreadcrumbList","@id":"http:\/\/consideal.com.br\/en\/clientes\/#breadcrumb","itemListElement":[{"@type":"ListItem","position":1,"name":"In\u00edcio","item":"http:\/\/consideal.com.br\/"},{"@type":"ListItem","position":2,"name":"Our clients"}]},{"@type":"WebSite","@id":"http:\/\/consideal.com.br\/#website","url":"http:\/\/consideal.com.br\/","name":"Consideal - Consultoria","description":".","potentialAction":[{"@type":"SearchAction","target":{"@type":"EntryPoint","urlTemplate":"http:\/\/consideal.com.br\/?s={search_term_string}"},"query-input":{"@type":"PropertyValueSpecification","valueRequired":true,"valueName":"search_term_string"}}],"inLanguage":"es"}]}},"_links":{"self":[{"href":"https:\/\/consideal.com.br\/es\/wp-json\/wp\/v2\/pages\/3600","targetHints":{"allow":["GET"]}}],"collection":[{"href":"https:\/\/consideal.com.br\/es\/wp-json\/wp\/v2\/pages"}],"about":[{"href":"https:\/\/consideal.com.br\/es\/wp-json\/wp\/v2\/types\/page"}],"author":[{"embeddable":true,"href":"https:\/\/consideal.com.br\/es\/wp-json\/wp\/v2\/users\/9192193"}],"replies":[{"embeddable":true,"href":"https:\/\/consideal.com.br\/es\/wp-json\/wp\/v2\/comments?post=3600"}],"version-history":[{"count":22,"href":"https:\/\/consideal.com.br\/es\/wp-json\/wp\/v2\/pages\/3600\/revisions"}],"predecessor-version":[{"id":5004,"href":"https:\/\/consideal.com.br\/es\/wp-json\/wp\/v2\/pages\/3600\/revisions\/5004"}],"wp:attachment":[{"href":"https:\/\/consideal.com.br\/es\/wp-json\/wp\/v2\/media?parent=3600"}],"curies":[{"name":"wp","href":"https:\/\/api.w.org\/{rel}","templated":true}]}}