{"id":3487,"date":"2013-11-27T10:51:40","date_gmt":"2013-11-27T12:51:40","guid":{"rendered":"http:\/\/www.consideal.com.br\/?page_id=3487"},"modified":"2016-07-20T09:09:04","modified_gmt":"2016-07-20T12:09:04","slug":"perfil","status":"publish","type":"page","link":"https:\/\/consideal.com.br\/es\/perfil\/","title":{"rendered":"Perfil"},"content":{"rendered":"","protected":false},"excerpt":{"rendered":"","protected":false},"author":9192193,"featured_media":0,"parent":0,"menu_order":0,"comment_status":"open","ping_status":"closed","template":"page-perfil.php","meta":{"footnotes":""},"class_list":["post-3487","page","type-page","status-publish","hentry"],"yoast_head":"<!-- This site is optimized with the Yoast SEO plugin v27.2 - https:\/\/yoast.com\/product\/yoast-seo-wordpress\/ -->\n<title>Quem somos<\/title>\n<meta name=\"description\" content=\"Promover resultados crescentes para o neg\u00f3cio dos nossos clientes, aumentando a competitividade das organiza\u00e7\u00f5es para alcan\u00e7ar melhor desempenho de forma sustent\u00e1vel.\" \/>\n<meta name=\"robots\" content=\"index, follow, max-snippet:-1, max-image-preview:large, max-video-preview:-1\" \/>\n<link rel=\"canonical\" href=\"http:\/\/consideal.com.br\/en\/perfil\/\" \/>\n<meta property=\"og:locale\" content=\"es_ES\" \/>\n<meta property=\"og:type\" content=\"article\" \/>\n<meta property=\"og:title\" content=\"Quem somos\" \/>\n<meta property=\"og:description\" content=\"Promover resultados crescentes para o neg\u00f3cio dos nossos clientes, aumentando a competitividade das organiza\u00e7\u00f5es para alcan\u00e7ar melhor desempenho de forma sustent\u00e1vel.\" \/>\n<meta property=\"og:url\" content=\"http:\/\/consideal.com.br\/en\/perfil\/\" \/>\n<meta property=\"og:site_name\" content=\"Consideal - Consultoria\" \/>\n<meta property=\"article:publisher\" content=\"https:\/\/www.facebook.com\/pages\/Consideal-Consultoria\/633181280052800?fref=ts\" \/>\n<meta property=\"article:modified_time\" content=\"2016-07-20T12:09:04+00:00\" \/>\n<meta property=\"og:image\" content=\"http:\/\/www.consideal.com.br\/wp-content\/uploads\/2014\/08\/1537408_633189506718644_389877602_o.jpg\" \/>\n<script type=\"application\/ld+json\" class=\"yoast-schema-graph\">{\"@context\":\"https:\/\/schema.org\",\"@graph\":[{\"@type\":\"WebPage\",\"@id\":\"http:\/\/consideal.com.br\/en\/perfil\/\",\"url\":\"http:\/\/consideal.com.br\/en\/perfil\/\",\"name\":\"Quem somos\",\"isPartOf\":{\"@id\":\"http:\/\/consideal.com.br\/#website\"},\"datePublished\":\"2013-11-27T12:51:40+00:00\",\"dateModified\":\"2016-07-20T12:09:04+00:00\",\"description\":\"Promover resultados crescentes para o neg\u00f3cio dos nossos clientes, aumentando a competitividade das organiza\u00e7\u00f5es para alcan\u00e7ar melhor desempenho de forma sustent\u00e1vel.\",\"breadcrumb\":{\"@id\":\"http:\/\/consideal.com.br\/en\/perfil\/#breadcrumb\"},\"inLanguage\":\"es\",\"potentialAction\":[{\"@type\":\"ReadAction\",\"target\":[\"http:\/\/consideal.com.br\/en\/perfil\/\"]}]},{\"@type\":\"BreadcrumbList\",\"@id\":\"http:\/\/consideal.com.br\/en\/perfil\/#breadcrumb\",\"itemListElement\":[{\"@type\":\"ListItem\",\"position\":1,\"name\":\"In\u00edcio\",\"item\":\"http:\/\/consideal.com.br\/\"},{\"@type\":\"ListItem\",\"position\":2,\"name\":\"About us\"}]},{\"@type\":\"WebSite\",\"@id\":\"http:\/\/consideal.com.br\/#website\",\"url\":\"http:\/\/consideal.com.br\/\",\"name\":\"Consideal - Consultoria\",\"description\":\".\",\"potentialAction\":[{\"@type\":\"SearchAction\",\"target\":{\"@type\":\"EntryPoint\",\"urlTemplate\":\"http:\/\/consideal.com.br\/?s={search_term_string}\"},\"query-input\":{\"@type\":\"PropertyValueSpecification\",\"valueRequired\":true,\"valueName\":\"search_term_string\"}}],\"inLanguage\":\"es\"}]}<\/script>\n<!-- \/ Yoast SEO plugin. -->","yoast_head_json":{"title":"Quem somos","description":"Promover resultados crescentes para o neg\u00f3cio dos nossos clientes, aumentando a competitividade das organiza\u00e7\u00f5es para alcan\u00e7ar melhor desempenho de forma sustent\u00e1vel.","robots":{"index":"index","follow":"follow","max-snippet":"max-snippet:-1","max-image-preview":"max-image-preview:large","max-video-preview":"max-video-preview:-1"},"canonical":"http:\/\/consideal.com.br\/en\/perfil\/","og_locale":"es_ES","og_type":"article","og_title":"Quem somos","og_description":"Promover resultados crescentes para o neg\u00f3cio dos nossos clientes, aumentando a competitividade das organiza\u00e7\u00f5es para alcan\u00e7ar melhor desempenho de forma sustent\u00e1vel.","og_url":"http:\/\/consideal.com.br\/en\/perfil\/","og_site_name":"Consideal - Consultoria","article_publisher":"https:\/\/www.facebook.com\/pages\/Consideal-Consultoria\/633181280052800?fref=ts","article_modified_time":"2016-07-20T12:09:04+00:00","og_image":[{"url":"http:\/\/www.consideal.com.br\/wp-content\/uploads\/2014\/08\/1537408_633189506718644_389877602_o.jpg","type":"","width":"","height":""}],"schema":{"@context":"https:\/\/schema.org","@graph":[{"@type":"WebPage","@id":"http:\/\/consideal.com.br\/en\/perfil\/","url":"http:\/\/consideal.com.br\/en\/perfil\/","name":"Quem somos","isPartOf":{"@id":"http:\/\/consideal.com.br\/#website"},"datePublished":"2013-11-27T12:51:40+00:00","dateModified":"2016-07-20T12:09:04+00:00","description":"Promover resultados crescentes para o neg\u00f3cio dos nossos clientes, aumentando a competitividade das organiza\u00e7\u00f5es para alcan\u00e7ar melhor desempenho de forma sustent\u00e1vel.","breadcrumb":{"@id":"http:\/\/consideal.com.br\/en\/perfil\/#breadcrumb"},"inLanguage":"es","potentialAction":[{"@type":"ReadAction","target":["http:\/\/consideal.com.br\/en\/perfil\/"]}]},{"@type":"BreadcrumbList","@id":"http:\/\/consideal.com.br\/en\/perfil\/#breadcrumb","itemListElement":[{"@type":"ListItem","position":1,"name":"In\u00edcio","item":"http:\/\/consideal.com.br\/"},{"@type":"ListItem","position":2,"name":"About us"}]},{"@type":"WebSite","@id":"http:\/\/consideal.com.br\/#website","url":"http:\/\/consideal.com.br\/","name":"Consideal - Consultoria","description":".","potentialAction":[{"@type":"SearchAction","target":{"@type":"EntryPoint","urlTemplate":"http:\/\/consideal.com.br\/?s={search_term_string}"},"query-input":{"@type":"PropertyValueSpecification","valueRequired":true,"valueName":"search_term_string"}}],"inLanguage":"es"}]}},"_links":{"self":[{"href":"https:\/\/consideal.com.br\/es\/wp-json\/wp\/v2\/pages\/3487","targetHints":{"allow":["GET"]}}],"collection":[{"href":"https:\/\/consideal.com.br\/es\/wp-json\/wp\/v2\/pages"}],"about":[{"href":"https:\/\/consideal.com.br\/es\/wp-json\/wp\/v2\/types\/page"}],"author":[{"embeddable":true,"href":"https:\/\/consideal.com.br\/es\/wp-json\/wp\/v2\/users\/9192193"}],"replies":[{"embeddable":true,"href":"https:\/\/consideal.com.br\/es\/wp-json\/wp\/v2\/comments?post=3487"}],"version-history":[{"count":44,"href":"https:\/\/consideal.com.br\/es\/wp-json\/wp\/v2\/pages\/3487\/revisions"}],"predecessor-version":[{"id":4958,"href":"https:\/\/consideal.com.br\/es\/wp-json\/wp\/v2\/pages\/3487\/revisions\/4958"}],"wp:attachment":[{"href":"https:\/\/consideal.com.br\/es\/wp-json\/wp\/v2\/media?parent=3487"}],"curies":[{"name":"wp","href":"https:\/\/api.w.org\/{rel}","templated":true}]}}