{"id":4806,"date":"2016-04-27T20:39:40","date_gmt":"2016-04-27T23:39:40","guid":{"rendered":"http:\/\/localhost\/consideal\/?page_id=4806"},"modified":"2021-09-02T21:06:09","modified_gmt":"2021-09-03T00:06:09","slug":"conteudo","status":"publish","type":"page","link":"http:\/\/consideal.com.br\/en\/conteudo\/","title":{"rendered":"Conte\u00fado"},"content":{"rendered":"<p class=\"has-luminous-vivid-orange-color has-text-color\">Teste de conte\u00fado<\/p>\n<\/p>\n<p>Agora vou publicar para verificar a configura\u00e7\u00e3o<\/p>\n","protected":false},"excerpt":{"rendered":"<p>Teste de conte\u00fado Agora vou publicar para verificar a configura\u00e7\u00e3o<\/p>\n","protected":false},"author":4,"featured_media":0,"parent":0,"menu_order":0,"comment_status":"open","ping_status":"closed","template":"page-conteudo.php","meta":{"footnotes":""},"class_list":["post-4806","page","type-page","status-publish","hentry"],"yoast_head":"<!-- This site is optimized with the Yoast SEO plugin v27.2 - https:\/\/yoast.com\/product\/yoast-seo-wordpress\/ -->\n<title>Conte\u00fado - Consideal - Consultoria<\/title>\n<meta name=\"robots\" content=\"index, follow, max-snippet:-1, max-image-preview:large, max-video-preview:-1\" \/>\n<link rel=\"canonical\" href=\"https:\/\/consideal.com.br\/es\/conteudo\/\" \/>\n<meta property=\"og:locale\" content=\"en_US\" \/>\n<meta property=\"og:type\" content=\"article\" \/>\n<meta property=\"og:title\" content=\"Conte\u00fado - Consideal - Consultoria\" \/>\n<meta property=\"og:description\" content=\"Teste de conte\u00fado Agora vou publicar para verificar a configura\u00e7\u00e3o\" \/>\n<meta property=\"og:url\" content=\"https:\/\/consideal.com.br\/es\/conteudo\/\" \/>\n<meta property=\"og:site_name\" content=\"Consideal - Consultoria\" \/>\n<meta property=\"article:publisher\" content=\"https:\/\/www.facebook.com\/pages\/Consideal-Consultoria\/633181280052800?fref=ts\" \/>\n<meta property=\"article:modified_time\" content=\"2021-09-03T00:06:09+00:00\" \/>\n<meta property=\"og:image\" content=\"http:\/\/www.consideal.com.br\/wp-content\/uploads\/2014\/08\/1537408_633189506718644_389877602_o.jpg\" \/>\n<script type=\"application\/ld+json\" class=\"yoast-schema-graph\">{\"@context\":\"https:\/\/schema.org\",\"@graph\":[{\"@type\":\"WebPage\",\"@id\":\"https:\/\/consideal.com.br\/es\/conteudo\/\",\"url\":\"https:\/\/consideal.com.br\/es\/conteudo\/\",\"name\":\"Conte\u00fado - Consideal - Consultoria\",\"isPartOf\":{\"@id\":\"http:\/\/consideal.com.br\/#website\"},\"datePublished\":\"2016-04-27T23:39:40+00:00\",\"dateModified\":\"2021-09-03T00:06:09+00:00\",\"breadcrumb\":{\"@id\":\"https:\/\/consideal.com.br\/es\/conteudo\/#breadcrumb\"},\"inLanguage\":\"en-US\",\"potentialAction\":[{\"@type\":\"ReadAction\",\"target\":[\"https:\/\/consideal.com.br\/es\/conteudo\/\"]}]},{\"@type\":\"BreadcrumbList\",\"@id\":\"https:\/\/consideal.com.br\/es\/conteudo\/#breadcrumb\",\"itemListElement\":[{\"@type\":\"ListItem\",\"position\":1,\"name\":\"In\u00edcio\",\"item\":\"http:\/\/consideal.com.br\/\"},{\"@type\":\"ListItem\",\"position\":2,\"name\":\"Conte\u00fado\"}]},{\"@type\":\"WebSite\",\"@id\":\"http:\/\/consideal.com.br\/#website\",\"url\":\"http:\/\/consideal.com.br\/\",\"name\":\"Consideal - Consultoria\",\"description\":\".\",\"potentialAction\":[{\"@type\":\"SearchAction\",\"target\":{\"@type\":\"EntryPoint\",\"urlTemplate\":\"http:\/\/consideal.com.br\/?s={search_term_string}\"},\"query-input\":{\"@type\":\"PropertyValueSpecification\",\"valueRequired\":true,\"valueName\":\"search_term_string\"}}],\"inLanguage\":\"en-US\"}]}<\/script>\n<!-- \/ Yoast SEO plugin. -->","yoast_head_json":{"title":"Conte\u00fado - Consideal - Consultoria","robots":{"index":"index","follow":"follow","max-snippet":"max-snippet:-1","max-image-preview":"max-image-preview:large","max-video-preview":"max-video-preview:-1"},"canonical":"https:\/\/consideal.com.br\/es\/conteudo\/","og_locale":"en_US","og_type":"article","og_title":"Conte\u00fado - Consideal - Consultoria","og_description":"Teste de conte\u00fado Agora vou publicar para verificar a configura\u00e7\u00e3o","og_url":"https:\/\/consideal.com.br\/es\/conteudo\/","og_site_name":"Consideal - Consultoria","article_publisher":"https:\/\/www.facebook.com\/pages\/Consideal-Consultoria\/633181280052800?fref=ts","article_modified_time":"2021-09-03T00:06:09+00:00","og_image":[{"url":"http:\/\/www.consideal.com.br\/wp-content\/uploads\/2014\/08\/1537408_633189506718644_389877602_o.jpg","type":"","width":"","height":""}],"schema":{"@context":"https:\/\/schema.org","@graph":[{"@type":"WebPage","@id":"https:\/\/consideal.com.br\/es\/conteudo\/","url":"https:\/\/consideal.com.br\/es\/conteudo\/","name":"Conte\u00fado - Consideal - Consultoria","isPartOf":{"@id":"http:\/\/consideal.com.br\/#website"},"datePublished":"2016-04-27T23:39:40+00:00","dateModified":"2021-09-03T00:06:09+00:00","breadcrumb":{"@id":"https:\/\/consideal.com.br\/es\/conteudo\/#breadcrumb"},"inLanguage":"en-US","potentialAction":[{"@type":"ReadAction","target":["https:\/\/consideal.com.br\/es\/conteudo\/"]}]},{"@type":"BreadcrumbList","@id":"https:\/\/consideal.com.br\/es\/conteudo\/#breadcrumb","itemListElement":[{"@type":"ListItem","position":1,"name":"In\u00edcio","item":"http:\/\/consideal.com.br\/"},{"@type":"ListItem","position":2,"name":"Conte\u00fado"}]},{"@type":"WebSite","@id":"http:\/\/consideal.com.br\/#website","url":"http:\/\/consideal.com.br\/","name":"Consideal - Consultoria","description":".","potentialAction":[{"@type":"SearchAction","target":{"@type":"EntryPoint","urlTemplate":"http:\/\/consideal.com.br\/?s={search_term_string}"},"query-input":{"@type":"PropertyValueSpecification","valueRequired":true,"valueName":"search_term_string"}}],"inLanguage":"en-US"}]}},"_links":{"self":[{"href":"http:\/\/consideal.com.br\/en\/wp-json\/wp\/v2\/pages\/4806","targetHints":{"allow":["GET"]}}],"collection":[{"href":"http:\/\/consideal.com.br\/en\/wp-json\/wp\/v2\/pages"}],"about":[{"href":"http:\/\/consideal.com.br\/en\/wp-json\/wp\/v2\/types\/page"}],"author":[{"embeddable":true,"href":"http:\/\/consideal.com.br\/en\/wp-json\/wp\/v2\/users\/4"}],"replies":[{"embeddable":true,"href":"http:\/\/consideal.com.br\/en\/wp-json\/wp\/v2\/comments?post=4806"}],"version-history":[{"count":3,"href":"http:\/\/consideal.com.br\/en\/wp-json\/wp\/v2\/pages\/4806\/revisions"}],"predecessor-version":[{"id":4998,"href":"http:\/\/consideal.com.br\/en\/wp-json\/wp\/v2\/pages\/4806\/revisions\/4998"}],"wp:attachment":[{"href":"http:\/\/consideal.com.br\/en\/wp-json\/wp\/v2\/media?parent=4806"}],"curies":[{"name":"wp","href":"https:\/\/api.w.org\/{rel}","templated":true}]}}