{"id":3925,"date":"2013-11-29T09:40:54","date_gmt":"2013-11-29T11:40:54","guid":{"rendered":"http:\/\/www.consideal.com.br\/?page_id=3925"},"modified":"2016-05-11T14:08:09","modified_gmt":"2016-05-11T17:08:09","slug":"diferenciais-competitivos","status":"publish","type":"page","link":"http:\/\/consideal.com.br\/en\/diferenciais-competitivos\/","title":{"rendered":"Diferenciais Competitivos"},"content":{"rendered":"<p><img fetchpriority=\"high\" decoding=\"async\" class=\"alignnone size-full wp-image-4251\" src=\"http:\/\/consideal.com.br.s163644.gridserver.com\/wp-content\/uploads\/2013\/11\/diferenciais-competitivos.png\" alt=\"diferenciais-competitivos\" width=\"661\" height=\"288\" srcset=\"http:\/\/consideal.com.br\/wp-content\/uploads\/2013\/11\/diferenciais-competitivos.png 661w, http:\/\/consideal.com.br\/wp-content\/uploads\/2013\/11\/diferenciais-competitivos-400x174.png 400w, http:\/\/consideal.com.br\/wp-content\/uploads\/2013\/11\/diferenciais-competitivos-650x283.png 650w\" sizes=\"(max-width: 661px) 100vw, 661px\" \/><\/p>\n<p style=\"text-align: justify;\">A identifica\u00e7\u00e3o dos Diferenciais Competitivos das organiza\u00e7\u00f5es e a sua express\u00e3o no modelo de neg\u00f3cio v\u00e3o permitir a constru\u00e7\u00e3o da identidade da empresa e portanto, ser reconhecida como \u00fanica pelos clientes e consumidores.<\/p>\n<div class=\"tabs_container  classic\">\n<ul class=\"tabs\">\n<li><a href=\"#\">COMO ATUAMOS<\/a><\/li>\n<\/ul>\n<div class=\"clearboth\"><\/div>\n<div class=\"panes\">\n<div class=\"pane\">\n<p style=\"text-align: justify;\">Analisamos profundamente o setor de atua\u00e7\u00e3o, a cultura organizacional, os desafios do plano de neg\u00f3cios al\u00e9m do ambiente interno e externo das empresas clientes e, desta forma, identificamos em conjunto, Diferenciais Competitivos que permitam o reconhecimento da empresa como \u00fanica dentro do setor de atua\u00e7\u00e3o.<\/p>\n<p style=\"text-align: justify;\">Definimos com os gestores o painel de indicadores para o acompanhamento dos resultados.<\/p>\n<p style=\"text-align: justify;\">Apoiamos as empresas na implementa\u00e7\u00e3o dos planos aprovados.<\/p>\n<\/div>\n<\/div>\n<\/div>\n","protected":false},"excerpt":{"rendered":"<p>A identifica\u00e7\u00e3o dos Diferenciais Competitivos das organiza\u00e7\u00f5es e a sua express\u00e3o no modelo de neg\u00f3cio v\u00e3o permitir a constru\u00e7\u00e3o da identidade da empresa e portanto, ser reconhecida como \u00fanica pelos clientes e consumidores.<\/p>\n","protected":false},"author":9192193,"featured_media":0,"parent":0,"menu_order":0,"comment_status":"open","ping_status":"open","template":"","meta":{"footnotes":""},"class_list":["post-3925","page","type-page","status-publish","hentry"],"yoast_head":"<!-- This site is optimized with the Yoast SEO plugin v27.2 - https:\/\/yoast.com\/product\/yoast-seo-wordpress\/ -->\n<title>Diferenciais Competitivos<\/title>\n<meta name=\"description\" content=\"A identifica\u00e7\u00e3o dos Diferenciais Competitivos das organiza\u00e7\u00f5es e a sua express\u00e3o no modelo de neg\u00f3cio v\u00e3o permitir a constru\u00e7\u00e3o da identidade da empresa.\" \/>\n<meta name=\"robots\" content=\"index, follow, max-snippet:-1, max-image-preview:large, max-video-preview:-1\" \/>\n<link rel=\"canonical\" href=\"http:\/\/consideal.com.br\/es\/diferenciais-competitivos\/\" \/>\n<meta property=\"og:locale\" content=\"en_US\" \/>\n<meta property=\"og:type\" content=\"article\" \/>\n<meta property=\"og:title\" content=\"Diferenciais Competitivos\" \/>\n<meta property=\"og:description\" content=\"A identifica\u00e7\u00e3o dos Diferenciais Competitivos das organiza\u00e7\u00f5es e a sua express\u00e3o no modelo de neg\u00f3cio v\u00e3o permitir a constru\u00e7\u00e3o da identidade da empresa.\" \/>\n<meta property=\"og:url\" content=\"http:\/\/consideal.com.br\/es\/diferenciais-competitivos\/\" \/>\n<meta property=\"og:site_name\" content=\"Consideal - Consultoria\" \/>\n<meta property=\"article:publisher\" content=\"https:\/\/www.facebook.com\/pages\/Consideal-Consultoria\/633181280052800?fref=ts\" \/>\n<meta property=\"article:modified_time\" content=\"2016-05-11T17:08:09+00:00\" \/>\n<meta property=\"og:image\" content=\"http:\/\/consideal.com.br.s163644.gridserver.com\/wp-content\/uploads\/2013\/11\/diferenciais-competitivos.png\" \/>\n<meta name=\"twitter:label1\" content=\"Est. reading time\" \/>\n\t<meta name=\"twitter:data1\" content=\"1 minute\" \/>\n<script type=\"application\/ld+json\" class=\"yoast-schema-graph\">{\"@context\":\"https:\/\/schema.org\",\"@graph\":[{\"@type\":\"WebPage\",\"@id\":\"http:\/\/consideal.com.br\/es\/diferenciais-competitivos\/\",\"url\":\"http:\/\/consideal.com.br\/es\/diferenciais-competitivos\/\",\"name\":\"Diferenciais Competitivos\",\"isPartOf\":{\"@id\":\"http:\/\/consideal.com.br\/#website\"},\"primaryImageOfPage\":{\"@id\":\"http:\/\/consideal.com.br\/es\/diferenciais-competitivos\/#primaryimage\"},\"image\":{\"@id\":\"http:\/\/consideal.com.br\/es\/diferenciais-competitivos\/#primaryimage\"},\"thumbnailUrl\":\"http:\/\/consideal.com.br.s163644.gridserver.com\/wp-content\/uploads\/2013\/11\/diferenciais-competitivos.png\",\"datePublished\":\"2013-11-29T11:40:54+00:00\",\"dateModified\":\"2016-05-11T17:08:09+00:00\",\"description\":\"A identifica\u00e7\u00e3o dos Diferenciais Competitivos das organiza\u00e7\u00f5es e a sua express\u00e3o no modelo de neg\u00f3cio v\u00e3o permitir a constru\u00e7\u00e3o da identidade da empresa.\",\"breadcrumb\":{\"@id\":\"http:\/\/consideal.com.br\/es\/diferenciais-competitivos\/#breadcrumb\"},\"inLanguage\":\"en-US\",\"potentialAction\":[{\"@type\":\"ReadAction\",\"target\":[\"http:\/\/consideal.com.br\/es\/diferenciais-competitivos\/\"]}]},{\"@type\":\"ImageObject\",\"inLanguage\":\"en-US\",\"@id\":\"http:\/\/consideal.com.br\/es\/diferenciais-competitivos\/#primaryimage\",\"url\":\"http:\/\/consideal.com.br.s163644.gridserver.com\/wp-content\/uploads\/2013\/11\/diferenciais-competitivos.png\",\"contentUrl\":\"http:\/\/consideal.com.br.s163644.gridserver.com\/wp-content\/uploads\/2013\/11\/diferenciais-competitivos.png\"},{\"@type\":\"BreadcrumbList\",\"@id\":\"http:\/\/consideal.com.br\/es\/diferenciais-competitivos\/#breadcrumb\",\"itemListElement\":[{\"@type\":\"ListItem\",\"position\":1,\"name\":\"In\u00edcio\",\"item\":\"http:\/\/consideal.com.br\/\"},{\"@type\":\"ListItem\",\"position\":2,\"name\":\"Diferenciais Competitivos\"}]},{\"@type\":\"WebSite\",\"@id\":\"http:\/\/consideal.com.br\/#website\",\"url\":\"http:\/\/consideal.com.br\/\",\"name\":\"Consideal - Consultoria\",\"description\":\".\",\"potentialAction\":[{\"@type\":\"SearchAction\",\"target\":{\"@type\":\"EntryPoint\",\"urlTemplate\":\"http:\/\/consideal.com.br\/?s={search_term_string}\"},\"query-input\":{\"@type\":\"PropertyValueSpecification\",\"valueRequired\":true,\"valueName\":\"search_term_string\"}}],\"inLanguage\":\"en-US\"}]}<\/script>\n<!-- \/ Yoast SEO plugin. -->","yoast_head_json":{"title":"Diferenciais Competitivos","description":"A identifica\u00e7\u00e3o dos Diferenciais Competitivos das organiza\u00e7\u00f5es e a sua express\u00e3o no modelo de neg\u00f3cio v\u00e3o permitir a constru\u00e7\u00e3o da identidade da empresa.","robots":{"index":"index","follow":"follow","max-snippet":"max-snippet:-1","max-image-preview":"max-image-preview:large","max-video-preview":"max-video-preview:-1"},"canonical":"http:\/\/consideal.com.br\/es\/diferenciais-competitivos\/","og_locale":"en_US","og_type":"article","og_title":"Diferenciais Competitivos","og_description":"A identifica\u00e7\u00e3o dos Diferenciais Competitivos das organiza\u00e7\u00f5es e a sua express\u00e3o no modelo de neg\u00f3cio v\u00e3o permitir a constru\u00e7\u00e3o da identidade da empresa.","og_url":"http:\/\/consideal.com.br\/es\/diferenciais-competitivos\/","og_site_name":"Consideal - Consultoria","article_publisher":"https:\/\/www.facebook.com\/pages\/Consideal-Consultoria\/633181280052800?fref=ts","article_modified_time":"2016-05-11T17:08:09+00:00","og_image":[{"url":"http:\/\/consideal.com.br.s163644.gridserver.com\/wp-content\/uploads\/2013\/11\/diferenciais-competitivos.png","type":"","width":"","height":""}],"twitter_misc":{"Est. reading time":"1 minute"},"schema":{"@context":"https:\/\/schema.org","@graph":[{"@type":"WebPage","@id":"http:\/\/consideal.com.br\/es\/diferenciais-competitivos\/","url":"http:\/\/consideal.com.br\/es\/diferenciais-competitivos\/","name":"Diferenciais Competitivos","isPartOf":{"@id":"http:\/\/consideal.com.br\/#website"},"primaryImageOfPage":{"@id":"http:\/\/consideal.com.br\/es\/diferenciais-competitivos\/#primaryimage"},"image":{"@id":"http:\/\/consideal.com.br\/es\/diferenciais-competitivos\/#primaryimage"},"thumbnailUrl":"http:\/\/consideal.com.br.s163644.gridserver.com\/wp-content\/uploads\/2013\/11\/diferenciais-competitivos.png","datePublished":"2013-11-29T11:40:54+00:00","dateModified":"2016-05-11T17:08:09+00:00","description":"A identifica\u00e7\u00e3o dos Diferenciais Competitivos das organiza\u00e7\u00f5es e a sua express\u00e3o no modelo de neg\u00f3cio v\u00e3o permitir a constru\u00e7\u00e3o da identidade da empresa.","breadcrumb":{"@id":"http:\/\/consideal.com.br\/es\/diferenciais-competitivos\/#breadcrumb"},"inLanguage":"en-US","potentialAction":[{"@type":"ReadAction","target":["http:\/\/consideal.com.br\/es\/diferenciais-competitivos\/"]}]},{"@type":"ImageObject","inLanguage":"en-US","@id":"http:\/\/consideal.com.br\/es\/diferenciais-competitivos\/#primaryimage","url":"http:\/\/consideal.com.br.s163644.gridserver.com\/wp-content\/uploads\/2013\/11\/diferenciais-competitivos.png","contentUrl":"http:\/\/consideal.com.br.s163644.gridserver.com\/wp-content\/uploads\/2013\/11\/diferenciais-competitivos.png"},{"@type":"BreadcrumbList","@id":"http:\/\/consideal.com.br\/es\/diferenciais-competitivos\/#breadcrumb","itemListElement":[{"@type":"ListItem","position":1,"name":"In\u00edcio","item":"http:\/\/consideal.com.br\/"},{"@type":"ListItem","position":2,"name":"Diferenciais Competitivos"}]},{"@type":"WebSite","@id":"http:\/\/consideal.com.br\/#website","url":"http:\/\/consideal.com.br\/","name":"Consideal - Consultoria","description":".","potentialAction":[{"@type":"SearchAction","target":{"@type":"EntryPoint","urlTemplate":"http:\/\/consideal.com.br\/?s={search_term_string}"},"query-input":{"@type":"PropertyValueSpecification","valueRequired":true,"valueName":"search_term_string"}}],"inLanguage":"en-US"}]}},"_links":{"self":[{"href":"http:\/\/consideal.com.br\/en\/wp-json\/wp\/v2\/pages\/3925","targetHints":{"allow":["GET"]}}],"collection":[{"href":"http:\/\/consideal.com.br\/en\/wp-json\/wp\/v2\/pages"}],"about":[{"href":"http:\/\/consideal.com.br\/en\/wp-json\/wp\/v2\/types\/page"}],"author":[{"embeddable":true,"href":"http:\/\/consideal.com.br\/en\/wp-json\/wp\/v2\/users\/9192193"}],"replies":[{"embeddable":true,"href":"http:\/\/consideal.com.br\/en\/wp-json\/wp\/v2\/comments?post=3925"}],"version-history":[{"count":9,"href":"http:\/\/consideal.com.br\/en\/wp-json\/wp\/v2\/pages\/3925\/revisions"}],"predecessor-version":[{"id":4841,"href":"http:\/\/consideal.com.br\/en\/wp-json\/wp\/v2\/pages\/3925\/revisions\/4841"}],"wp:attachment":[{"href":"http:\/\/consideal.com.br\/en\/wp-json\/wp\/v2\/media?parent=3925"}],"curies":[{"name":"wp","href":"https:\/\/api.w.org\/{rel}","templated":true}]}}